{"id":39191,"date":"2022-05-30T10:29:43","date_gmt":"2022-05-30T08:29:43","guid":{"rendered":"https:\/\/unger-coaching.com\/?page_id=39191"},"modified":"2022-05-30T10:31:30","modified_gmt":"2022-05-30T08:31:30","slug":"stimmen","status":"publish","type":"page","link":"https:\/\/unger-coaching.com\/de\/stimmen\/","title":{"rendered":"Stimmen"},"content":{"rendered":"\t\t<div data-elementor-type=\"wp-page\" data-elementor-id=\"39191\" class=\"elementor elementor-39191\">\n\t\t\t\t\t\t<section class=\"elementor-section elementor-top-section elementor-element elementor-element-b1e1c3e elementor-section-full_width qodef-elementor-content-grid qodef-extended-grid qodef-extended-grid--right elementor-section-height-default elementor-section-height-default\" data-id=\"b1e1c3e\" data-element_type=\"section\" data-settings=\"{&quot;background_background&quot;:&quot;classic&quot;}\">\n\t\t\t\t\t\t<div class=\"elementor-container elementor-column-gap-default\">\n\t\t\t\t\t<div class=\"elementor-column elementor-col-100 elementor-top-column elementor-element elementor-element-e0edf57\" data-id=\"e0edf57\" data-element_type=\"column\">\n\t\t\t<div class=\"elementor-widget-wrap elementor-element-populated\">\n\t\t\t\t\t\t<div class=\"elementor-element elementor-element-0789e4f elementor-widget elementor-widget-emeline_core_custom_font\" data-id=\"0789e4f\" data-element_type=\"widget\" data-widget_type=\"emeline_core_custom_font.default\">\n\t\t\t\t<div class=\"elementor-widget-container\">\n\t\t\t<h1 class=\"qodef-shortcode qodef-m  qodef-custom-font qodef-custom-font-615 qodef-layout--simple   qodef-appear-animation--enabled\" style=\"font-size: 80px;line-height: 90px;font-weight: 100;text-transform: uppercase\"><span class=\"qodef-m-emphasized-holder\"><span class=\"qodef-m-title--emphasized\">Was<\/span><\/span> Sie <span class=\"qodef-m-emphasized-holder\"><span class=\"qodef-m-title--emphasized\">sagen<\/span><\/span><\/h1>\n\t\t<\/div>\n\t\t\t\t<\/div>\n\t\t\t\t\t<\/div>\n\t\t<\/div>\n\t\t\t\t\t<\/div>\n\t\t<\/section>\n\t\t\t\t<section class=\"elementor-section elementor-top-section elementor-element elementor-element-6f0c76c elementor-section-boxed elementor-section-height-default elementor-section-height-default qodef-elementor-content-no\" data-id=\"6f0c76c\" data-element_type=\"section\">\n\t\t\t\t\t\t<div class=\"elementor-container elementor-column-gap-default\">\n\t\t\t\t\t<div class=\"elementor-column elementor-col-100 elementor-top-column elementor-element elementor-element-71de3a2\" data-id=\"71de3a2\" data-element_type=\"column\">\n\t\t\t<div class=\"elementor-widget-wrap elementor-element-populated\">\n\t\t\t\t\t\t<div class=\"elementor-element elementor-element-0b4f0e2 elementor-widget elementor-widget-emeline_core_testimonials_list\" data-id=\"0b4f0e2\" data-element_type=\"widget\" data-widget_type=\"emeline_core_testimonials_list.default\">\n\t\t\t\t<div class=\"elementor-widget-container\">\n\t\t\t<div class=\"qodef-shortcode qodef-m  qodef-testimonials-list  qodef-grid qodef-layout--columns  qodef-gutter--large qodef-col-num--2 qodef-item-layout--info-below qodef-responsive--predefined\">\n\t<div class=\"qodef-grid-inner clear\">\n\t\t<div class=\"qodef-e qodef-grid-item\">\n\t<div class=\"qodef-e-inner\">\n\t\t\t\t<div class=\"qodef-e-content\">\n\t\t\t\t\t\t\t<span itemprop=\"description\" class=\"qodef-e-text\">&quot;Das Coaching mit Claudia basiert auf einer sehr vertrauensvollen, professionellen und emphatischen Gespr\u00e4chsbasis. Sie schaffte es, dass ich eine ungesch\u00f6nte selbstreflektierende Sicht auf meine T\u00e4tigkeit als F\u00fchrungskraft gewinnen konnte. Auch durch die Erfahrungen von Claudia konnte ich wertvolle Erkenntnisse und Handlungen f\u00fcr mich ableiten.&quot;\r\n<\/span>\n\t\t\t\t<span class=\"qodef-e-author\">\n\t\t<span class=\"qodef-e-author-name\">Paul B.<\/span>\n\t\t<span class=\"qodef-e-author-job\">Store Manager Roche Bobois<\/span>\n\t<\/span>\n\t\t<\/div>\n\t<\/div>\n<\/div>\n<div class=\"qodef-e qodef-grid-item\">\n\t<div class=\"qodef-e-inner\">\n\t\t\t\t<div class=\"qodef-e-content\">\n\t\t\t\t\t\t\t<span itemprop=\"description\" class=\"qodef-e-text\">&quot;Ich danke Claudia Unger f\u00fcr die vertrauensvolle Zusammenarbeit. Durch ihr stets wertsch\u00e4tzendes Feedback und die gegenseitige Inspiration respektierte ich sie nicht nur als Vorgesetzte, sondern sch\u00e4tze sie vielmehr auch als Coach und Sparringspartner. Claudia motivierte mich immer durch Ansporn und Humor, auch stressvolle Situationen stets mit einem Lachen zu meistern. Alles Gute f\u00fcr die Zukunft, liebe Claudia.&quot;<\/span>\n\t\t\t\t<span class=\"qodef-e-author\">\n\t\t<span class=\"qodef-e-author-name\">Ivan Zafirov<\/span>\n\t\t<span class=\"qodef-e-author-job\">Store Manager, Gucci<\/span>\n\t<\/span>\n\t\t<\/div>\n\t<\/div>\n<\/div>\n<div class=\"qodef-e qodef-grid-item\">\n\t<div class=\"qodef-e-inner\">\n\t\t\t\t<div class=\"qodef-e-content\">\n\t\t\t\t\t\t\t<span itemprop=\"description\" class=\"qodef-e-text\">&quot;Liebe Frau Unger, ich muss mich bei Ihnen bedanken - f\u00fcr Ihre Unterst\u00fctzung, Ihre manchmal herausfordernden, aber extrem hilfreichen Fragen und Anregungen, f\u00fcr Ihre Ehrlichkeit und die Reality Checks, f\u00fcr Ihre Empathie und Ihre aufbauenden Worte. Sie haben mir in der kurzen Zeit sehr viel mitgegeben, und lassen mich mit mehr Selbstbewusstsein und Entschlossenheit in den n\u00e4chsten Abschnitt starten. Von Herzen wirklich vielen vielen Dank!&quot;\r\n<\/span>\n\t\t\t\t<span class=\"qodef-e-author\">\n\t\t<span class=\"qodef-e-author-name\">Lara A.<\/span>\n\t\t<span class=\"qodef-e-author-job\">Berufliche Neuorientierung<\/span>\n\t<\/span>\n\t\t<\/div>\n\t<\/div>\n<\/div>\n<div class=\"qodef-e qodef-grid-item\">\n\t<div class=\"qodef-e-inner\">\n\t\t\t\t<div class=\"qodef-e-content\">\n\t\t\t\t\t\t\t<span itemprop=\"description\" class=\"qodef-e-text\">&quot;Wie geht\u2018s weiter? Schon seit einiger Zeit kam ich mit meiner Chefin nicht mehr klar. Dauernd gerieten wir aneinander. Im Coaching mit Claudia konnte ich ohne Scheu alle Themen ansprechen. Danke f\u00fcr die Reflektion, Feedback und f\u00fcr die absolute Diskretion. Ich f\u00fchlte mich jederzeit verstanden und auch mit f\u00fcr mich unangenehmen Themen willkommen. Claudia, behalten Sie bitte ihre kritischen Fragen bei. Nach meinem anf\u00e4nglichen Widerstand, hat es mich doch sehr motiviert und zum Nachdenken gebracht und wei\u00df nun besser zu reagieren. &quot;<\/span>\n\t\t\t\t<span class=\"qodef-e-author\">\n\t\t<span class=\"qodef-e-author-name\">Sabina F.<\/span>\n\t\t<span class=\"qodef-e-author-job\">Kaufm\u00e4nnische Angestellte<\/span>\n\t<\/span>\n\t\t<\/div>\n\t<\/div>\n<\/div>\n\t<\/div>\n<\/div>\n\t\t<\/div>\n\t\t\t\t<\/div>\n\t\t\t\t\t<\/div>\n\t\t<\/div>\n\t\t\t\t\t<\/div>\n\t\t<\/section>\n\t\t\t\t<section class=\"elementor-section elementor-top-section elementor-element elementor-element-aa9a7f1 elementor-section-boxed elementor-section-height-default elementor-section-height-default qodef-elementor-content-no\" data-id=\"aa9a7f1\" data-element_type=\"section\">\n\t\t\t\t\t\t<div class=\"elementor-container elementor-column-gap-default\">\n\t\t\t\t\t<div class=\"elementor-column elementor-col-100 elementor-top-column elementor-element elementor-element-6dca218\" data-id=\"6dca218\" data-element_type=\"column\">\n\t\t\t<div class=\"elementor-widget-wrap elementor-element-populated\">\n\t\t\t\t\t\t<div class=\"elementor-element elementor-element-64d9b74 elementor-widget elementor-widget-text-editor\" data-id=\"64d9b74\" data-element_type=\"widget\" data-widget_type=\"text-editor.default\">\n\t\t\t\t<div class=\"elementor-widget-container\">\n\t\t\t\t\t\t\t<h2>Z\u00f6gern Sie nicht, lassen Sie uns reden!<br \/><a href=\"&#109;&#x61;i&#x6c;&#x74;&#111;&#x3a;o&#102;&#x66;&#105;&#x63;e&#64;&#x75;n&#x67;e&#114;&#x2d;c&#x6f;&#x61;&#99;&#x68;i&#110;&#x67;&#46;&#x63;o&#109;\"><strong><span style=\"border-bottom: 1px solid;\">off&#105;&#99;&#101;&#x40;&#x75;&#x6e;&#x67;&#x65;&#x72;-co&#97;&#99;&#104;&#105;&#x6e;&#x67;&#x2e;&#x63;&#x6f;&#x6d;<\/span><\/strong><\/a><br \/><a href=\"tel:00491705201819\"><strong><span style=\"border-bottom: 1px solid;\">+49(0)1705201819<\/span><\/strong><\/a><\/h2>\t\t\t\t\t\t<\/div>\n\t\t\t\t<\/div>\n\t\t\t\t\t<\/div>\n\t\t<\/div>\n\t\t\t\t\t<\/div>\n\t\t<\/section>\n\t\t\t\t<section class=\"elementor-section elementor-top-section elementor-element elementor-element-7fa1a2a elementor-section-full_width qodef-elementor-content-grid elementor-section-height-default elementor-section-height-default\" data-id=\"7fa1a2a\" data-element_type=\"section\" data-settings=\"{&quot;background_background&quot;:&quot;classic&quot;}\">\n\t\t\t\t\t\t<div class=\"elementor-container elementor-column-gap-default\">\n\t\t\t\t\t<div class=\"elementor-column elementor-col-100 elementor-top-column elementor-element elementor-element-ba8fb4e\" data-id=\"ba8fb4e\" data-element_type=\"column\">\n\t\t\t<div class=\"elementor-widget-wrap elementor-element-populated\">\n\t\t\t\t\t\t<div class=\"elementor-element elementor-element-195d51e elementor-widget elementor-widget-image\" data-id=\"195d51e\" data-element_type=\"widget\" data-widget_type=\"image.default\">\n\t\t\t\t<div class=\"elementor-widget-container\">\n\t\t\t\t\t\t\t\t\t\t\t\t\t<img decoding=\"async\" width=\"499\" height=\"43\" src=\"https:\/\/unger-coaching.com\/wp-content\/uploads\/unger-coaching-logo.png\" class=\"attachment-large size-large wp-image-1334\" alt=\"Unger Coaching\" srcset=\"https:\/\/unger-coaching.com\/wp-content\/uploads\/unger-coaching-logo.png 499w, https:\/\/unger-coaching.com\/wp-content\/uploads\/unger-coaching-logo-300x26.png 300w\" sizes=\"(max-width: 499px) 100vw, 499px\" \/>\t\t\t\t\t\t\t\t\t\t\t\t\t<\/div>\n\t\t\t\t<\/div>\n\t\t\t\t<div class=\"elementor-element elementor-element-c7ffa34 elementor-widget elementor-widget-text-editor\" data-id=\"c7ffa34\" data-element_type=\"widget\" data-widget_type=\"text-editor.default\">\n\t\t\t\t<div class=\"elementor-widget-container\">\n\t\t\t\t\t\t\t<p style=\"font-size: 15px;\"><a href=\"https:\/\/unger-coaching.com\/privacy-policy\/\" target=\"_blank\" rel=\"noopener\">Datenschutz<\/a> . <a href=\"https:\/\/unger-coaching.com\/de\/impressum\" target=\"_blank\" rel=\"noopener\">Impressum<\/a>\u00a0. \u00a92021 Unger Coaching<\/p>\t\t\t\t\t\t<\/div>\n\t\t\t\t<\/div>\n\t\t\t\t\t<\/div>\n\t\t<\/div>\n\t\t\t\t\t<\/div>\n\t\t<\/section>\n\t\t\t\t<\/div>\n\t\t","protected":false},"excerpt":{"rendered":"<p>Was Sie sagen &quot;Das Coaching mit Claudia basiert auf einer sehr vertrauensvollen, professionellen und emphatischen Gespr\u00e4chsbasis. Sie schaffte es, dass ich eine ungesch\u00f6nte selbstreflektierende Sicht auf meine T\u00e4tigkeit als F\u00fchrungskraft gewinnen konnte. Auch durch die Erfahrungen von Claudia konnte ich wertvolle Erkenntnisse und Handlungen f\u00fcr mich ableiten.&quot; Paul B. Store Manager Roche Bobois &quot;Ich danke [&hellip;]<\/p>\n","protected":false},"author":5,"featured_media":0,"parent":0,"menu_order":0,"comment_status":"closed","ping_status":"closed","template":"page-full-width.php","meta":{"footnotes":""},"class_list":["post-39191","page","type-page","status-publish","hentry"],"yoast_head":"<!-- This site is optimized with the Yoast SEO plugin v25.6 - https:\/\/yoast.com\/wordpress\/plugins\/seo\/ -->\n<title>Stimmen &#8212; UNGER COACHING<\/title>\n<meta name=\"description\" content=\"Discover our retail coaching program for an excellent customer shopping experience. Empower your teams now!\" \/>\n<meta name=\"robots\" content=\"index, follow, max-snippet:-1, max-image-preview:large, max-video-preview:-1\" \/>\n<link rel=\"canonical\" href=\"https:\/\/unger-coaching.com\/de\/stimmen\/\" \/>\n<meta property=\"og:locale\" content=\"de_DE\" \/>\n<meta property=\"og:type\" content=\"article\" \/>\n<meta property=\"og:title\" content=\"Stimmen &#8212; UNGER COACHING\" \/>\n<meta property=\"og:description\" content=\"Discover our retail coaching program for an excellent customer shopping experience. Empower your teams now!\" \/>\n<meta property=\"og:url\" content=\"https:\/\/unger-coaching.com\/de\/stimmen\/\" \/>\n<meta property=\"og:site_name\" content=\"UNGER COACHING\" \/>\n<meta property=\"article:modified_time\" content=\"2022-05-30T08:31:30+00:00\" \/>\n<meta property=\"og:image\" content=\"https:\/\/unger-coaching.com\/wp-content\/uploads\/unger-coaching-logo.png\" \/>\n<meta name=\"twitter:label1\" content=\"Gesch\u00e4tzte Lesezeit\" \/>\n\t<meta name=\"twitter:data1\" content=\"2\u00a0Minuten\" \/>\n<script type=\"application\/ld+json\" class=\"yoast-schema-graph\">{\"@context\":\"https:\/\/schema.org\",\"@graph\":[{\"@type\":\"WebPage\",\"@id\":\"https:\/\/unger-coaching.com\/de\/stimmen\/\",\"url\":\"https:\/\/unger-coaching.com\/de\/stimmen\/\",\"name\":\"Stimmen &#8212; UNGER COACHING\",\"isPartOf\":{\"@id\":\"https:\/\/unger-coaching.com\/#website\"},\"primaryImageOfPage\":{\"@id\":\"https:\/\/unger-coaching.com\/de\/stimmen\/#primaryimage\"},\"image\":{\"@id\":\"https:\/\/unger-coaching.com\/de\/stimmen\/#primaryimage\"},\"thumbnailUrl\":\"https:\/\/unger-coaching.com\/wp-content\/uploads\/unger-coaching-logo.png\",\"datePublished\":\"2022-05-30T08:29:43+00:00\",\"dateModified\":\"2022-05-30T08:31:30+00:00\",\"description\":\"Discover our retail coaching program for an excellent customer shopping experience. Empower your teams now!\",\"breadcrumb\":{\"@id\":\"https:\/\/unger-coaching.com\/de\/stimmen\/#breadcrumb\"},\"inLanguage\":\"de\",\"potentialAction\":[{\"@type\":\"ReadAction\",\"target\":[\"https:\/\/unger-coaching.com\/de\/stimmen\/\"]}]},{\"@type\":\"ImageObject\",\"inLanguage\":\"de\",\"@id\":\"https:\/\/unger-coaching.com\/de\/stimmen\/#primaryimage\",\"url\":\"https:\/\/unger-coaching.com\/wp-content\/uploads\/unger-coaching-logo.png\",\"contentUrl\":\"https:\/\/unger-coaching.com\/wp-content\/uploads\/unger-coaching-logo.png\"},{\"@type\":\"BreadcrumbList\",\"@id\":\"https:\/\/unger-coaching.com\/de\/stimmen\/#breadcrumb\",\"itemListElement\":[{\"@type\":\"ListItem\",\"position\":1,\"name\":\"Startseite\",\"item\":\"https:\/\/unger-coaching.com\/de\/\"},{\"@type\":\"ListItem\",\"position\":2,\"name\":\"Stimmen\"}]},{\"@type\":\"WebSite\",\"@id\":\"https:\/\/unger-coaching.com\/#website\",\"url\":\"https:\/\/unger-coaching.com\/\",\"name\":\"UNGER COACHING\",\"description\":\"Empowering People and Retail\",\"publisher\":{\"@id\":\"https:\/\/unger-coaching.com\/#organization\"},\"potentialAction\":[{\"@type\":\"SearchAction\",\"target\":{\"@type\":\"EntryPoint\",\"urlTemplate\":\"https:\/\/unger-coaching.com\/?s={search_term_string}\"},\"query-input\":{\"@type\":\"PropertyValueSpecification\",\"valueRequired\":true,\"valueName\":\"search_term_string\"}}],\"inLanguage\":\"de\"},{\"@type\":\"Organization\",\"@id\":\"https:\/\/unger-coaching.com\/#organization\",\"name\":\"Unger Coaching\",\"url\":\"https:\/\/unger-coaching.com\/\",\"logo\":{\"@type\":\"ImageObject\",\"inLanguage\":\"de\",\"@id\":\"https:\/\/unger-coaching.com\/#\/schema\/logo\/image\/\",\"url\":\"https:\/\/unger-coaching.com\/wp-content\/uploads\/unger-coaching-logo.png\",\"contentUrl\":\"https:\/\/unger-coaching.com\/wp-content\/uploads\/unger-coaching-logo.png\",\"width\":499,\"height\":43,\"caption\":\"Unger Coaching\"},\"image\":{\"@id\":\"https:\/\/unger-coaching.com\/#\/schema\/logo\/image\/\"},\"sameAs\":[\"https:\/\/www.linkedin.com\/in\/claudia-unger-retail-coach-trainer\/\"]}]}<\/script>\n<!-- \/ Yoast SEO plugin. -->","yoast_head_json":{"title":"Stimmen &#8212; UNGER COACHING","description":"Discover our retail coaching program for an excellent customer shopping experience. Empower your teams now!","robots":{"index":"index","follow":"follow","max-snippet":"max-snippet:-1","max-image-preview":"max-image-preview:large","max-video-preview":"max-video-preview:-1"},"canonical":"https:\/\/unger-coaching.com\/de\/stimmen\/","og_locale":"de_DE","og_type":"article","og_title":"Stimmen &#8212; UNGER COACHING","og_description":"Discover our retail coaching program for an excellent customer shopping experience. Empower your teams now!","og_url":"https:\/\/unger-coaching.com\/de\/stimmen\/","og_site_name":"UNGER COACHING","article_modified_time":"2022-05-30T08:31:30+00:00","og_image":[{"url":"https:\/\/unger-coaching.com\/wp-content\/uploads\/unger-coaching-logo.png","type":"","width":"","height":""}],"twitter_misc":{"Gesch\u00e4tzte Lesezeit":"2\u00a0Minuten"},"schema":{"@context":"https:\/\/schema.org","@graph":[{"@type":"WebPage","@id":"https:\/\/unger-coaching.com\/de\/stimmen\/","url":"https:\/\/unger-coaching.com\/de\/stimmen\/","name":"Stimmen &#8212; UNGER COACHING","isPartOf":{"@id":"https:\/\/unger-coaching.com\/#website"},"primaryImageOfPage":{"@id":"https:\/\/unger-coaching.com\/de\/stimmen\/#primaryimage"},"image":{"@id":"https:\/\/unger-coaching.com\/de\/stimmen\/#primaryimage"},"thumbnailUrl":"https:\/\/unger-coaching.com\/wp-content\/uploads\/unger-coaching-logo.png","datePublished":"2022-05-30T08:29:43+00:00","dateModified":"2022-05-30T08:31:30+00:00","description":"Discover our retail coaching program for an excellent customer shopping experience. Empower your teams now!","breadcrumb":{"@id":"https:\/\/unger-coaching.com\/de\/stimmen\/#breadcrumb"},"inLanguage":"de","potentialAction":[{"@type":"ReadAction","target":["https:\/\/unger-coaching.com\/de\/stimmen\/"]}]},{"@type":"ImageObject","inLanguage":"de","@id":"https:\/\/unger-coaching.com\/de\/stimmen\/#primaryimage","url":"https:\/\/unger-coaching.com\/wp-content\/uploads\/unger-coaching-logo.png","contentUrl":"https:\/\/unger-coaching.com\/wp-content\/uploads\/unger-coaching-logo.png"},{"@type":"BreadcrumbList","@id":"https:\/\/unger-coaching.com\/de\/stimmen\/#breadcrumb","itemListElement":[{"@type":"ListItem","position":1,"name":"Startseite","item":"https:\/\/unger-coaching.com\/de\/"},{"@type":"ListItem","position":2,"name":"Stimmen"}]},{"@type":"WebSite","@id":"https:\/\/unger-coaching.com\/#website","url":"https:\/\/unger-coaching.com\/","name":"UNGER COACHING","description":"Empowering People and Retail","publisher":{"@id":"https:\/\/unger-coaching.com\/#organization"},"potentialAction":[{"@type":"SearchAction","target":{"@type":"EntryPoint","urlTemplate":"https:\/\/unger-coaching.com\/?s={search_term_string}"},"query-input":{"@type":"PropertyValueSpecification","valueRequired":true,"valueName":"search_term_string"}}],"inLanguage":"de"},{"@type":"Organization","@id":"https:\/\/unger-coaching.com\/#organization","name":"Unger Coaching","url":"https:\/\/unger-coaching.com\/","logo":{"@type":"ImageObject","inLanguage":"de","@id":"https:\/\/unger-coaching.com\/#\/schema\/logo\/image\/","url":"https:\/\/unger-coaching.com\/wp-content\/uploads\/unger-coaching-logo.png","contentUrl":"https:\/\/unger-coaching.com\/wp-content\/uploads\/unger-coaching-logo.png","width":499,"height":43,"caption":"Unger Coaching"},"image":{"@id":"https:\/\/unger-coaching.com\/#\/schema\/logo\/image\/"},"sameAs":["https:\/\/www.linkedin.com\/in\/claudia-unger-retail-coach-trainer\/"]}]}},"_links":{"self":[{"href":"https:\/\/unger-coaching.com\/de\/wp-json\/wp\/v2\/pages\/39191"}],"collection":[{"href":"https:\/\/unger-coaching.com\/de\/wp-json\/wp\/v2\/pages"}],"about":[{"href":"https:\/\/unger-coaching.com\/de\/wp-json\/wp\/v2\/types\/page"}],"author":[{"embeddable":true,"href":"https:\/\/unger-coaching.com\/de\/wp-json\/wp\/v2\/users\/5"}],"replies":[{"embeddable":true,"href":"https:\/\/unger-coaching.com\/de\/wp-json\/wp\/v2\/comments?post=39191"}],"version-history":[{"count":5,"href":"https:\/\/unger-coaching.com\/de\/wp-json\/wp\/v2\/pages\/39191\/revisions"}],"predecessor-version":[{"id":39217,"href":"https:\/\/unger-coaching.com\/de\/wp-json\/wp\/v2\/pages\/39191\/revisions\/39217"}],"wp:attachment":[{"href":"https:\/\/unger-coaching.com\/de\/wp-json\/wp\/v2\/media?parent=39191"}],"curies":[{"name":"wp","href":"https:\/\/api.w.org\/{rel}","templated":true}]}}